{"id":14,"date":"2024-01-18T21:27:37","date_gmt":"2024-01-18T21:27:37","guid":{"rendered":"https:\/\/ef\u00e5haven.dk\/?page_id=14"},"modified":"2025-03-10T14:22:05","modified_gmt":"2025-03-10T14:22:05","slug":"om-foreningen","status":"publish","type":"page","link":"https:\/\/xn--efhaven-fxa.dk\/?page_id=14","title":{"rendered":"Om foreningen"},"content":{"rendered":"\n<p>Vi bruger Cobblestone som administrator i ejendommen. Hos Cobblestone har vi login til alle de filer og oplysninger som vi skal bruge som beboere. Her findes standarder for maling, trapped\u00f8re og meget mere.<br><a href=\"https:\/\/cloud.cobblestone.dk\/\" data-type=\"link\" data-id=\"https:\/\/cloud.cobblestone.dk\/\" target=\"_blank\" rel=\"noreferrer noopener\"><span style=\"text-decoration: underline;\">Cobblestone login<\/span><\/a><\/p>\n\n\n\n<p>Alle lejligheder har som minimum tilknyttet 1 rum enten i k\u00e6lder eller p\u00e5 loft, som kan bruges til privat opbevaring.<\/p>\n\n\n\n<p>I k\u00e6lderen findes <strong><a href=\"https:\/\/xn--efhaven-fxa.dk\/?page_id=426\" data-type=\"page\" data-id=\"426\">vaskerum<\/a><\/strong> og <strong><a href=\"https:\/\/xn--efhaven-fxa.dk\/?page_id=145\" data-type=\"page\" data-id=\"145\">beboer lokale<\/a><\/strong>.<\/p>\n\n\n\n<p>Vi har en flot og dejlig baghave hvor der findes muligheder for at grille, legeplads og holde arrangementer. Arrangementer skal aftales skriftligt med bestyrelsen. <\/p>\n\n\n\n<p><a href=\"https:\/\/xn--efhaven-fxa.dk\/wp-content\/uploads\/2025\/03\/EnergiMaerke_2025.pdf\" data-type=\"attachment\" data-id=\"654\"><mark style=\"background-color:rgba(0, 0, 0, 0)\" class=\"has-inline-color has-raft-accent-color\">Foreningen har udarbejdet Energim\u00e6rke til brug for renovering af bygningen, og salg af lejligheder. Tryk p\u00e5 denne tekst for at \u00e5bne seneste Energim\u00e6rke<\/mark><\/a><\/p>\n\n\n\n<p><a href=\"https:\/\/xn--efhaven-fxa.dk\/wp-content\/uploads\/2024\/06\/Referat-2024-underskrevet.pdf\" data-type=\"attachment\" data-id=\"418\"><strong><span style=\"text-decoration: underline;\">SE DET NYESTE REFERAT FRA GENERALFORSAMLINGEN 2024 HER<\/span><\/strong><\/a><\/p>\n\n\n\n<h2 class=\"wp-block-heading\">Projekter i foreningen<\/h2>\n\n\n\n<p>I 2025 er der repareret eller ordnet f\u00f8lgende:<\/p>\n\n\n\n<ul class=\"wp-block-list\">\n<li>Indgangslamperne (3 stk.) i k\u00e6lderindgangen fra baghaven er blevet skiftet<\/li>\n\n\n\n<li>Cirkulations pumpen for det varme brugsvand er skiftet til en ny og energibesparende model<\/li>\n\n\n\n<li>Vi har f\u00e5et repareret udend\u00f8rs lyset, s\u00e5 alle lamper nu virker igen <\/li>\n<\/ul>\n\n\n\n<hr class=\"wp-block-separator has-alpha-channel-opacity\"\/>\n\n\n\n<p>I 2024 fik vi repareret eller ordnet f\u00f8lgende:<\/p>\n\n\n\n<ul class=\"wp-block-list\">\n<li>Der blev lagt fiber ind fra TDC, hvor alle beboere hver is\u00e6r kan v\u00e6lge deres egen fiber udbyder.<\/li>\n\n\n\n<li>Vores varmecentral blev optimeret s\u00e5 den blev mere \u00f8konomisk og rentabel for foreningen.<\/li>\n\n\n\n<li>Vi fik lavet ny vaskek\u00e6lder hvor der er installeret nye vaskemaskiner og ny t\u00f8rretumbler fra Miele.<\/li>\n\n\n\n<li>Der blev repareret 2 tagplader som har v\u00e6ret ut\u00e6tte.<\/li>\n\n\n\n<li>Gavl lampen mod nr. 289 er blev skiftet.<\/li>\n\n\n\n<li>Installeret nye trappeopgangs lamper med sensorer indbygget, s\u00e5 lyset t\u00e6nder p\u00e5 trappen n\u00e5r vi kommer g\u00e5ende.<\/li>\n\n\n\n<li>Fortovs sten er blev lagt ordenligt s\u00e5ledes af stenen ikke stikker op af fortovet ud for varmecentralen p\u00e5 \u00c5haven.<\/li>\n\n\n\n<li>K\u00f8kken faldstammen i nr 285B blev skiftet i k\u00e6lderen.<\/li>\n\n\n\n<li>Der er blevet installeret sensor lamper og r\u00f8gmeldere p\u00e5 loftet samt udskiftet gamle stofledninger<\/li>\n\n\n\n<li>Vi fik p\u00e5bud fra kommunen om at reparere asfalten p\u00e5 \u00c5haven,som er udf\u00f8rt<\/li>\n\n\n\n<li>Mange k\u00e6lderv\u00e6gge blev pudset og malet<\/li>\n\n\n\n<li>Vi fik \u00e6ndret containerbeholdningen til vores affaldssortering s\u00e5ledes at det passer til foreningens behov<\/li>\n\n\n\n<li>Vi fik bygget vores hjemmeside f\u00e6rdig<\/li>\n\n\n\n<li>Vi fik afsyret vores varmtvandsbeholdere i boilerrummet<\/li>\n\n\n\n<li>Radiator kreds i h\u00f8jre side af 281B blev renset og repareret s\u00e5ledes at der er kommet varme p\u00e5 igen<\/li>\n\n\n\n<li>Vi fik malet og monteret spots i loftet i f\u00e6llesrummet i k\u00e6lderen. Rummet blev  organiseret og gjort p\u00e6nt.<\/li>\n\n\n\n<li>Hullet ved kloakd\u00e6kslet udenfor nr. 287B blev lukket s\u00e5ledes at der ikke er faldfare l\u00e6ngere<\/li>\n\n\n\n<li>Un\u00f8dvendige og overfl\u00f8dige antenne og gamle installationer i loftrummene blev fjernet samt fuld oprydning<\/li>\n<\/ul>\n","protected":false},"excerpt":{"rendered":"<p>Vi bruger Cobblestone som administrator i ejendommen. Hos Cobblestone har vi login til alle de filer og oplysninger som vi skal bruge som beboere. Her findes standarder for maling, trapped\u00f8re og meget mere.Cobblestone login Alle lejligheder har som minimum tilknyttet 1 rum enten i k\u00e6lder eller p\u00e5 loft, som kan bruges til privat opbevaring. I [&hellip;]<\/p>\n","protected":false},"author":1,"featured_media":0,"parent":0,"menu_order":0,"comment_status":"closed","ping_status":"closed","template":"","meta":{"footnotes":""},"class_list":["post-14","page","type-page","status-publish","hentry"],"_links":{"self":[{"href":"https:\/\/xn--efhaven-fxa.dk\/index.php?rest_route=\/wp\/v2\/pages\/14","targetHints":{"allow":["GET"]}}],"collection":[{"href":"https:\/\/xn--efhaven-fxa.dk\/index.php?rest_route=\/wp\/v2\/pages"}],"about":[{"href":"https:\/\/xn--efhaven-fxa.dk\/index.php?rest_route=\/wp\/v2\/types\/page"}],"author":[{"embeddable":true,"href":"https:\/\/xn--efhaven-fxa.dk\/index.php?rest_route=\/wp\/v2\/users\/1"}],"replies":[{"embeddable":true,"href":"https:\/\/xn--efhaven-fxa.dk\/index.php?rest_route=%2Fwp%2Fv2%2Fcomments&post=14"}],"version-history":[{"count":71,"href":"https:\/\/xn--efhaven-fxa.dk\/index.php?rest_route=\/wp\/v2\/pages\/14\/revisions"}],"predecessor-version":[{"id":688,"href":"https:\/\/xn--efhaven-fxa.dk\/index.php?rest_route=\/wp\/v2\/pages\/14\/revisions\/688"}],"wp:attachment":[{"href":"https:\/\/xn--efhaven-fxa.dk\/index.php?rest_route=%2Fwp%2Fv2%2Fmedia&parent=14"}],"curies":[{"name":"wp","href":"https:\/\/api.w.org\/{rel}","templated":true}]}}