{"id":143,"date":"2024-03-12T16:19:23","date_gmt":"2024-03-12T16:19:23","guid":{"rendered":"https:\/\/ef\u00e5haven.dk\/?page_id=143"},"modified":"2025-03-10T14:45:33","modified_gmt":"2025-03-10T14:45:33","slug":"vaskerum","status":"publish","type":"page","link":"https:\/\/xn--efhaven-fxa.dk\/?page_id=143","title":{"rendered":"Vaskerum"},"content":{"rendered":"\n<p>I k\u00e6lderen under Vigerslevvej 283A st. tv har vi vores vaskerum. Vaskerummet er beregnet til alle beboere i ejendommen. For at kunne vaske skal man v\u00e6re tilmeldt Miele betalings app&#8217;en. Dette kan g\u00f8res ved at kontakte bestyrelsen, som vil hj\u00e6lpe med at komme i gang med maskinerne. Vi har 2 vaskemaskiner (8kg) og 1 t\u00f8rretumbler (14kg). Det er muligt at booke maskinerne i Miele app&#8217;en og fysisk i vaskerummet. Husk at der skal bruges vaskepulver og skyllemiddel som ikke f\u00f8lger med maskinerne. Rummet er blevet moderniseret og renoveret i f\u00f8rste halvdel af 2024. Der findes ogs\u00e5 t\u00f8rrerum, som findes i rummene ved siden af vaskerummet.<\/p>\n\n\n\n<div class=\"wp-block-columns is-layout-flex wp-container-core-columns-is-layout-28f84493 wp-block-columns-is-layout-flex\">\n<div class=\"wp-block-column is-layout-flow wp-block-column-is-layout-flow\">\n<p><strong>Oplever du problemer?<\/strong><\/p>\n<\/div>\n\n\n\n<div class=\"wp-block-column is-layout-flow wp-block-column-is-layout-flow\">\n<p><a href=\"tel:97145462\" data-type=\"tel\" data-id=\"tel:97145462\">Kontakt <strong>Pay-Per-Wash<\/strong><\/a> Man-Fre: 08-17<\/p>\n<\/div>\n<\/div>\n\n\n\n<div class=\"wp-block-columns is-layout-flex wp-container-core-columns-is-layout-28f84493 wp-block-columns-is-layout-flex\">\n<div class=\"wp-block-column is-layout-flow wp-block-column-is-layout-flow\">\n<p><strong><a href=\"https:\/\/xn--efhaven-fxa.dk\/wp-content\/uploads\/2025\/02\/Mangler-du-en-vaskebrik.pdf\" data-type=\"link\" data-id=\"https:\/\/xn--efhaven-fxa.dk\/wp-content\/uploads\/2025\/02\/Mangler-du-en-vaskebrik.pdf\">Har du mistet eller mangler en brik?<\/a><\/strong><\/p>\n<\/div>\n\n\n\n<div class=\"wp-block-column is-layout-flow wp-block-column-is-layout-flow\">\n<p><\/p>\n<\/div>\n<\/div>\n\n\n\n<div class=\"wp-block-buttons is-content-justification-center is-layout-flex wp-container-core-buttons-is-layout-a89b3969 wp-block-buttons-is-layout-flex\">\n<div class=\"wp-block-button\"><a class=\"wp-block-button__link wp-element-button\" href=\"https:\/\/apps.apple.com\/dk\/app\/mielelogic-app\/id1508101113?l=da\">MIELE APP BOOKING<\/a><\/div>\n\n\n\n<div class=\"wp-block-button\"><a class=\"wp-block-button__link wp-element-button\" href=\"https:\/\/mielelogic.com\/#\/login\">MIELE ONLINE BOOKING<\/a><\/div>\n<\/div>\n\n\n\n<figure class=\"wp-block-gallery has-nested-images columns-default is-cropped wp-block-gallery-1 is-layout-flex wp-block-gallery-is-layout-flex\">\n<figure class=\"wp-block-image size-large\"><img loading=\"lazy\" decoding=\"async\" width=\"768\" height=\"1024\" data-id=\"489\" src=\"https:\/\/xn--efhaven-fxa.dk\/wp-content\/uploads\/2024\/06\/img_6850-768x1024.jpg\" alt=\"\" class=\"wp-image-489\" srcset=\"https:\/\/xn--efhaven-fxa.dk\/wp-content\/uploads\/2024\/06\/img_6850-768x1024.jpg 768w, https:\/\/xn--efhaven-fxa.dk\/wp-content\/uploads\/2024\/06\/img_6850-225x300.jpg 225w, https:\/\/xn--efhaven-fxa.dk\/wp-content\/uploads\/2024\/06\/img_6850-1152x1536.jpg 1152w, https:\/\/xn--efhaven-fxa.dk\/wp-content\/uploads\/2024\/06\/img_6850.jpg 1500w\" sizes=\"auto, (max-width: 768px) 100vw, 768px\" \/><\/figure>\n\n\n\n<figure class=\"wp-block-image size-large\"><img loading=\"lazy\" decoding=\"async\" width=\"768\" height=\"1024\" data-id=\"490\" src=\"https:\/\/xn--efhaven-fxa.dk\/wp-content\/uploads\/2024\/06\/img_6851-768x1024.jpg\" alt=\"\" class=\"wp-image-490\" srcset=\"https:\/\/xn--efhaven-fxa.dk\/wp-content\/uploads\/2024\/06\/img_6851-768x1024.jpg 768w, https:\/\/xn--efhaven-fxa.dk\/wp-content\/uploads\/2024\/06\/img_6851-225x300.jpg 225w, https:\/\/xn--efhaven-fxa.dk\/wp-content\/uploads\/2024\/06\/img_6851-1152x1536.jpg 1152w, https:\/\/xn--efhaven-fxa.dk\/wp-content\/uploads\/2024\/06\/img_6851.jpg 1500w\" sizes=\"auto, (max-width: 768px) 100vw, 768px\" \/><\/figure>\n\n\n\n<figure class=\"wp-block-image size-large\"><img loading=\"lazy\" decoding=\"async\" width=\"768\" height=\"1024\" data-id=\"488\" src=\"https:\/\/xn--efhaven-fxa.dk\/wp-content\/uploads\/2024\/06\/img_6849-768x1024.jpg\" alt=\"\" class=\"wp-image-488\" srcset=\"https:\/\/xn--efhaven-fxa.dk\/wp-content\/uploads\/2024\/06\/img_6849-768x1024.jpg 768w, https:\/\/xn--efhaven-fxa.dk\/wp-content\/uploads\/2024\/06\/img_6849-225x300.jpg 225w, https:\/\/xn--efhaven-fxa.dk\/wp-content\/uploads\/2024\/06\/img_6849-1152x1536.jpg 1152w, https:\/\/xn--efhaven-fxa.dk\/wp-content\/uploads\/2024\/06\/img_6849.jpg 1500w\" sizes=\"auto, (max-width: 768px) 100vw, 768px\" \/><\/figure>\n\n\n\n<figure class=\"wp-block-image size-large\"><img loading=\"lazy\" decoding=\"async\" width=\"768\" height=\"1024\" data-id=\"534\" src=\"https:\/\/xn--efhaven-fxa.dk\/wp-content\/uploads\/2024\/09\/IMG_7652-edited-768x1024.jpeg\" alt=\"\" class=\"wp-image-534\" srcset=\"https:\/\/xn--efhaven-fxa.dk\/wp-content\/uploads\/2024\/09\/IMG_7652-edited-768x1024.jpeg 768w, https:\/\/xn--efhaven-fxa.dk\/wp-content\/uploads\/2024\/09\/IMG_7652-edited-225x300.jpeg 225w, https:\/\/xn--efhaven-fxa.dk\/wp-content\/uploads\/2024\/09\/IMG_7652-edited-1152x1536.jpeg 1152w, https:\/\/xn--efhaven-fxa.dk\/wp-content\/uploads\/2024\/09\/IMG_7652-edited-1536x2048.jpeg 1536w, https:\/\/xn--efhaven-fxa.dk\/wp-content\/uploads\/2024\/09\/IMG_7652-edited-scaled.jpeg 1920w\" sizes=\"auto, (max-width: 768px) 100vw, 768px\" \/><\/figure>\n<\/figure>\n\n\n\n<p>\u00c5bningstider for vaskerummet: <strong>08:00-21:30<\/strong><\/p>\n\n\n\n<p>Tryk p\u00e5 et link herunder for at f\u00e5 mere information<\/p>\n\n\n\n<p><a href=\"https:\/\/xn--efhaven-fxa.dk\/wp-content\/uploads\/2024\/06\/Miele-APP.pdf\" data-type=\"attachment\" data-id=\"377\"><strong>Miele APP<\/strong><\/a><\/p>\n\n\n\n<p><a href=\"https:\/\/xn--efhaven-fxa.dk\/wp-content\/uploads\/2024\/06\/Miele-Touchskaerm.pdf\" data-type=\"attachment\" data-id=\"381\"><strong>Miele Touchsk\u00e6rm<\/strong><\/a><\/p>\n\n\n\n<div class=\"wp-block-group is-nowrap is-layout-flex wp-container-core-group-is-layout-6c531013 wp-block-group-is-layout-flex\">\n<p><a href=\"https:\/\/xn--efhaven-fxa.dk\/wp-content\/uploads\/2024\/06\/Miele-Vaske-Instruktion.pdf\" data-type=\"attachment\" data-id=\"379\"><strong>Miele vaskemaskine instruktion<\/strong><\/a><\/p>\n\n\n\n<p><\/p>\n<\/div>\n\n\n\n<p><a href=\"https:\/\/xn--efhaven-fxa.dk\/wp-content\/uploads\/2024\/06\/Miele-Toerre-Instruktion.pdf\" data-type=\"attachment\" data-id=\"409\"><strong>Miele t\u00f8rretumbler instruktion<\/strong><\/a><\/p>\n\n\n\n<p><strong>Miele generalt<\/strong><\/p>\n","protected":false},"excerpt":{"rendered":"<p>I k\u00e6lderen under Vigerslevvej 283A st. tv har vi vores vaskerum. Vaskerummet er beregnet til alle beboere i ejendommen. For at kunne vaske skal man v\u00e6re tilmeldt Miele betalings app&#8217;en. Dette kan g\u00f8res ved at kontakte bestyrelsen, som vil hj\u00e6lpe med at komme i gang med maskinerne. Vi har 2 vaskemaskiner (8kg) og 1 t\u00f8rretumbler [&hellip;]<\/p>\n","protected":false},"author":1,"featured_media":0,"parent":0,"menu_order":0,"comment_status":"closed","ping_status":"closed","template":"","meta":{"footnotes":""},"class_list":["post-143","page","type-page","status-publish","hentry"],"_links":{"self":[{"href":"https:\/\/xn--efhaven-fxa.dk\/index.php?rest_route=\/wp\/v2\/pages\/143","targetHints":{"allow":["GET"]}}],"collection":[{"href":"https:\/\/xn--efhaven-fxa.dk\/index.php?rest_route=\/wp\/v2\/pages"}],"about":[{"href":"https:\/\/xn--efhaven-fxa.dk\/index.php?rest_route=\/wp\/v2\/types\/page"}],"author":[{"embeddable":true,"href":"https:\/\/xn--efhaven-fxa.dk\/index.php?rest_route=\/wp\/v2\/users\/1"}],"replies":[{"embeddable":true,"href":"https:\/\/xn--efhaven-fxa.dk\/index.php?rest_route=%2Fwp%2Fv2%2Fcomments&post=143"}],"version-history":[{"count":52,"href":"https:\/\/xn--efhaven-fxa.dk\/index.php?rest_route=\/wp\/v2\/pages\/143\/revisions"}],"predecessor-version":[{"id":700,"href":"https:\/\/xn--efhaven-fxa.dk\/index.php?rest_route=\/wp\/v2\/pages\/143\/revisions\/700"}],"wp:attachment":[{"href":"https:\/\/xn--efhaven-fxa.dk\/index.php?rest_route=%2Fwp%2Fv2%2Fmedia&parent=143"}],"curies":[{"name":"wp","href":"https:\/\/api.w.org\/{rel}","templated":true}]}}