{"id":145,"date":"2024-03-12T16:20:13","date_gmt":"2024-03-12T16:20:13","guid":{"rendered":"https:\/\/ef\u00e5haven.dk\/?page_id=145"},"modified":"2025-04-30T08:46:12","modified_gmt":"2025-04-30T08:46:12","slug":"beboerlokale","status":"publish","type":"page","link":"https:\/\/xn--efhaven-fxa.dk\/?page_id=145","title":{"rendered":"Beboerlokale"},"content":{"rendered":"\n<figure class=\"wp-block-gallery has-nested-images columns-default is-cropped wp-block-gallery-1 is-layout-flex wp-block-gallery-is-layout-flex\">\n<figure class=\"wp-block-image size-large\"><img loading=\"lazy\" decoding=\"async\" width=\"1920\" height=\"2560\" data-id=\"526\" src=\"https:\/\/xn--efhaven-fxa.dk\/wp-content\/uploads\/2024\/09\/IMG_7658-edited-scaled.jpeg\" alt=\"\" class=\"wp-image-526\" srcset=\"https:\/\/xn--efhaven-fxa.dk\/wp-content\/uploads\/2024\/09\/IMG_7658-edited-scaled.jpeg 1920w, https:\/\/xn--efhaven-fxa.dk\/wp-content\/uploads\/2024\/09\/IMG_7658-edited-225x300.jpeg 225w, https:\/\/xn--efhaven-fxa.dk\/wp-content\/uploads\/2024\/09\/IMG_7658-edited-768x1024.jpeg 768w, https:\/\/xn--efhaven-fxa.dk\/wp-content\/uploads\/2024\/09\/IMG_7658-edited-1152x1536.jpeg 1152w, https:\/\/xn--efhaven-fxa.dk\/wp-content\/uploads\/2024\/09\/IMG_7658-edited-1536x2048.jpeg 1536w\" sizes=\"auto, (max-width: 1920px) 100vw, 1920px\" \/><\/figure>\n\n\n\n<figure class=\"wp-block-image size-large\"><img loading=\"lazy\" decoding=\"async\" width=\"1920\" height=\"2560\" data-id=\"527\" src=\"https:\/\/xn--efhaven-fxa.dk\/wp-content\/uploads\/2024\/09\/IMG_7657-edited-scaled.jpeg\" alt=\"\" class=\"wp-image-527\" srcset=\"https:\/\/xn--efhaven-fxa.dk\/wp-content\/uploads\/2024\/09\/IMG_7657-edited-scaled.jpeg 1920w, https:\/\/xn--efhaven-fxa.dk\/wp-content\/uploads\/2024\/09\/IMG_7657-edited-225x300.jpeg 225w, https:\/\/xn--efhaven-fxa.dk\/wp-content\/uploads\/2024\/09\/IMG_7657-edited-768x1024.jpeg 768w, https:\/\/xn--efhaven-fxa.dk\/wp-content\/uploads\/2024\/09\/IMG_7657-edited-1152x1536.jpeg 1152w, https:\/\/xn--efhaven-fxa.dk\/wp-content\/uploads\/2024\/09\/IMG_7657-edited-1536x2048.jpeg 1536w\" sizes=\"auto, (max-width: 1920px) 100vw, 1920px\" \/><\/figure>\n\n\n\n<figure class=\"wp-block-image size-large\"><img loading=\"lazy\" decoding=\"async\" width=\"1920\" height=\"2560\" data-id=\"529\" src=\"https:\/\/xn--efhaven-fxa.dk\/wp-content\/uploads\/2024\/09\/IMG_7656-edited-scaled.jpeg\" alt=\"\" class=\"wp-image-529\" srcset=\"https:\/\/xn--efhaven-fxa.dk\/wp-content\/uploads\/2024\/09\/IMG_7656-edited-scaled.jpeg 1920w, https:\/\/xn--efhaven-fxa.dk\/wp-content\/uploads\/2024\/09\/IMG_7656-edited-225x300.jpeg 225w, https:\/\/xn--efhaven-fxa.dk\/wp-content\/uploads\/2024\/09\/IMG_7656-edited-768x1024.jpeg 768w, https:\/\/xn--efhaven-fxa.dk\/wp-content\/uploads\/2024\/09\/IMG_7656-edited-1152x1536.jpeg 1152w, https:\/\/xn--efhaven-fxa.dk\/wp-content\/uploads\/2024\/09\/IMG_7656-edited-1536x2048.jpeg 1536w\" sizes=\"auto, (max-width: 1920px) 100vw, 1920px\" \/><\/figure>\n\n\n\n<figure class=\"wp-block-image size-large\"><img loading=\"lazy\" decoding=\"async\" width=\"1920\" height=\"2560\" data-id=\"530\" src=\"https:\/\/xn--efhaven-fxa.dk\/wp-content\/uploads\/2024\/09\/IMG_7654-edited-scaled.jpeg\" alt=\"\" class=\"wp-image-530\" srcset=\"https:\/\/xn--efhaven-fxa.dk\/wp-content\/uploads\/2024\/09\/IMG_7654-edited-scaled.jpeg 1920w, https:\/\/xn--efhaven-fxa.dk\/wp-content\/uploads\/2024\/09\/IMG_7654-edited-225x300.jpeg 225w, https:\/\/xn--efhaven-fxa.dk\/wp-content\/uploads\/2024\/09\/IMG_7654-edited-768x1024.jpeg 768w, https:\/\/xn--efhaven-fxa.dk\/wp-content\/uploads\/2024\/09\/IMG_7654-edited-1152x1536.jpeg 1152w, https:\/\/xn--efhaven-fxa.dk\/wp-content\/uploads\/2024\/09\/IMG_7654-edited-1536x2048.jpeg 1536w\" sizes=\"auto, (max-width: 1920px) 100vw, 1920px\" \/><\/figure>\n<\/figure>\n\n\n\n<p>I k\u00e6lderen har vi et lokale som er indrettet med borde og stole. Her kan holdes sammenkomster og m\u00f8der. Alle beboere i foreningen kan l\u00e5ne k\u00e6lderrummet. Vores bygning er desv\u00e6rre ikke ret lydt\u00e6t, det betyder at alt lyd og larm g\u00e5r direkte op igennem loftet til de omkringliggende lejligheder. Bestyrelsen beder derfor om at man bruger lokalet med omtanke og t\u00e6nker p\u00e5 naboerne.<\/p>\n\n\n\n<p>Lokalet kan bookes hos bestyrelsen. Klik p\u00e5 linket nedenunder, for at skrive en mail til bestyrelsen. Mailen skal indeholde disse informationer: Navn, adresse, telefonnummer, dato for leje og tidspunkt.<\/p>\n\n\n\n<div class=\"wp-block-buttons is-content-justification-center is-layout-flex wp-container-core-buttons-is-layout-a89b3969 wp-block-buttons-is-layout-flex\">\n<div class=\"wp-block-button\"><a class=\"wp-block-button__link wp-element-button\" href=\"mailto:efaahaven@gmail.com\">Kontakt bestyrelsen p\u00e5 mail<\/a><\/div>\n\n\n\n<div class=\"wp-block-button\"><a class=\"wp-block-button__link wp-element-button\" href=\"https:\/\/xn--efhaven-fxa.dk\/?page_id=749\">Se kalender for bookinger<\/a><\/div>\n<\/div>\n","protected":false},"excerpt":{"rendered":"<p>I k\u00e6lderen har vi et lokale som er indrettet med borde og stole. Her kan holdes sammenkomster og m\u00f8der. Alle beboere i foreningen kan l\u00e5ne k\u00e6lderrummet. Vores bygning er desv\u00e6rre ikke ret lydt\u00e6t, det betyder at alt lyd og larm g\u00e5r direkte op igennem loftet til de omkringliggende lejligheder. Bestyrelsen beder derfor om at man [&hellip;]<\/p>\n","protected":false},"author":1,"featured_media":0,"parent":0,"menu_order":0,"comment_status":"closed","ping_status":"closed","template":"","meta":{"footnotes":""},"class_list":["post-145","page","type-page","status-publish","hentry"],"_links":{"self":[{"href":"https:\/\/xn--efhaven-fxa.dk\/index.php?rest_route=\/wp\/v2\/pages\/145","targetHints":{"allow":["GET"]}}],"collection":[{"href":"https:\/\/xn--efhaven-fxa.dk\/index.php?rest_route=\/wp\/v2\/pages"}],"about":[{"href":"https:\/\/xn--efhaven-fxa.dk\/index.php?rest_route=\/wp\/v2\/types\/page"}],"author":[{"embeddable":true,"href":"https:\/\/xn--efhaven-fxa.dk\/index.php?rest_route=\/wp\/v2\/users\/1"}],"replies":[{"embeddable":true,"href":"https:\/\/xn--efhaven-fxa.dk\/index.php?rest_route=%2Fwp%2Fv2%2Fcomments&post=145"}],"version-history":[{"count":17,"href":"https:\/\/xn--efhaven-fxa.dk\/index.php?rest_route=\/wp\/v2\/pages\/145\/revisions"}],"predecessor-version":[{"id":751,"href":"https:\/\/xn--efhaven-fxa.dk\/index.php?rest_route=\/wp\/v2\/pages\/145\/revisions\/751"}],"wp:attachment":[{"href":"https:\/\/xn--efhaven-fxa.dk\/index.php?rest_route=%2Fwp%2Fv2%2Fmedia&parent=145"}],"curies":[{"name":"wp","href":"https:\/\/api.w.org\/{rel}","templated":true}]}}