{"id":182,"date":"2024-03-12T19:10:18","date_gmt":"2024-03-12T19:10:18","guid":{"rendered":"https:\/\/ef\u00e5haven.dk\/?page_id=182"},"modified":"2024-03-12T19:41:49","modified_gmt":"2024-03-12T19:41:49","slug":"stoejtider","status":"publish","type":"page","link":"https:\/\/xn--efhaven-fxa.dk\/?page_id=182","title":{"rendered":"St\u00f8jtider"},"content":{"rendered":"\n<p><\/p>\n\n\n\n<h2 class=\"wp-block-heading\">Bore\/banketider<\/h2>\n\n\n\n<p><\/p>\n\n\n\n<figure class=\"wp-block-table is-style-stripes\"><table><tbody><tr><td>Mandag-Fredag<\/td><td>08:00-18:00<\/td><\/tr><tr><td>L\u00f8rdag<\/td><td>10:00-14:00<\/td><\/tr><tr><td>S\u00f8ndag<\/td><td>Ingen larm<\/td><\/tr><tr><td>Helligdage<\/td><td>Ingen larm<\/td><\/tr><tr><td>1\/1, 2\/1, 23\/12 &amp; 24\/12<\/td><td>Ingen larm<\/td><\/tr><\/tbody><\/table><figcaption class=\"wp-element-caption\"><br><\/figcaption><\/figure>\n\n\n\n<h2 class=\"wp-block-heading\">Musik &amp; st\u00f8j<\/h2>\n\n\n\n<p><\/p>\n\n\n\n<figure class=\"wp-block-table is-style-stripes\"><table><tbody><tr><td>Mandag-Torsdag<\/td><td>08:00-21:00<\/td><\/tr><tr><td>Fredag<\/td><td>08:00-23:30<\/td><\/tr><tr><td>L\u00f8rdag<\/td><td>09:00-23:30<\/td><\/tr><tr><td>S\u00f8ndag<\/td><td>10:00-20:00<\/td><\/tr><tr><td>Helligdage<\/td><td>Ingen larm<\/td><\/tr><tr><td>1\/1, 2\/1, 23\/12 &amp; 24\/12<\/td><td>Ingen larm<\/td><\/tr><\/tbody><\/table><figcaption class=\"wp-element-caption\"><br><\/figcaption><\/figure>\n\n\n\n<p>Brug af musikanl\u00e6g, radio, TV og lignende skal ske p\u00e5 en s\u00e5dan m\u00e5de, at det ikke er til gene for andre beboere. Ved private fester skal vinduer og d\u00f8re holdes lukkede<\/p>\n\n\n\n<p class=\"has-text-align-right\">Vedtaget 2024<\/p>\n","protected":false},"excerpt":{"rendered":"<p>Bore\/banketider Mandag-Fredag 08:00-18:00 L\u00f8rdag 10:00-14:00 S\u00f8ndag Ingen larm Helligdage Ingen larm 1\/1, 2\/1, 23\/12 &amp; 24\/12 Ingen larm Musik &amp; st\u00f8j Mandag-Torsdag 08:00-21:00 Fredag 08:00-23:30 L\u00f8rdag 09:00-23:30 S\u00f8ndag 10:00-20:00 Helligdage Ingen larm 1\/1, 2\/1, 23\/12 &amp; 24\/12 Ingen larm Brug af musikanl\u00e6g, radio, TV og lignende skal ske p\u00e5 en s\u00e5dan m\u00e5de, at det ikke [&hellip;]<\/p>\n","protected":false},"author":1,"featured_media":0,"parent":0,"menu_order":0,"comment_status":"closed","ping_status":"closed","template":"","meta":{"footnotes":""},"class_list":["post-182","page","type-page","status-publish","hentry"],"_links":{"self":[{"href":"https:\/\/xn--efhaven-fxa.dk\/index.php?rest_route=\/wp\/v2\/pages\/182","targetHints":{"allow":["GET"]}}],"collection":[{"href":"https:\/\/xn--efhaven-fxa.dk\/index.php?rest_route=\/wp\/v2\/pages"}],"about":[{"href":"https:\/\/xn--efhaven-fxa.dk\/index.php?rest_route=\/wp\/v2\/types\/page"}],"author":[{"embeddable":true,"href":"https:\/\/xn--efhaven-fxa.dk\/index.php?rest_route=\/wp\/v2\/users\/1"}],"replies":[{"embeddable":true,"href":"https:\/\/xn--efhaven-fxa.dk\/index.php?rest_route=%2Fwp%2Fv2%2Fcomments&post=182"}],"version-history":[{"count":8,"href":"https:\/\/xn--efhaven-fxa.dk\/index.php?rest_route=\/wp\/v2\/pages\/182\/revisions"}],"predecessor-version":[{"id":211,"href":"https:\/\/xn--efhaven-fxa.dk\/index.php?rest_route=\/wp\/v2\/pages\/182\/revisions\/211"}],"wp:attachment":[{"href":"https:\/\/xn--efhaven-fxa.dk\/index.php?rest_route=%2Fwp%2Fv2%2Fmedia&parent=182"}],"curies":[{"name":"wp","href":"https:\/\/api.w.org\/{rel}","templated":true}]}}