{"id":186,"date":"2024-03-12T19:10:57","date_gmt":"2024-03-12T19:10:57","guid":{"rendered":"https:\/\/ef\u00e5haven.dk\/?page_id=186"},"modified":"2024-06-29T10:10:22","modified_gmt":"2024-06-29T10:10:22","slug":"vedtaegter","status":"publish","type":"page","link":"https:\/\/xn--efhaven-fxa.dk\/?page_id=186","title":{"rendered":"Vedt\u00e6gter"},"content":{"rendered":"\n<p>Vedt\u00e6gterne for ejerforeningen regulerer foreningens ledelse, regnskabsafl\u00e6ggelse, revision, vedligeholdelse, udgiftsfordeling m.v. Du kan se vedt\u00e6gterne her:<\/p>\n\n\n\n<p><span style=\"text-decoration: underline;\"><a href=\"https:\/\/xn--efhaven-fxa.dk\/wp-content\/uploads\/2024\/06\/EF-Aahaven-Vedtaegter-12-03-2024.pdf\" data-type=\"attachment\" data-id=\"497\">Vedt\u00e6gter<\/a><\/span><\/p>\n","protected":false},"excerpt":{"rendered":"<p>Vedt\u00e6gterne for ejerforeningen regulerer foreningens ledelse, regnskabsafl\u00e6ggelse, revision, vedligeholdelse, udgiftsfordeling m.v. Du kan se vedt\u00e6gterne her: Vedt\u00e6gter<\/p>\n","protected":false},"author":1,"featured_media":0,"parent":0,"menu_order":0,"comment_status":"closed","ping_status":"closed","template":"","meta":{"footnotes":""},"class_list":["post-186","page","type-page","status-publish","hentry"],"_links":{"self":[{"href":"https:\/\/xn--efhaven-fxa.dk\/index.php?rest_route=\/wp\/v2\/pages\/186","targetHints":{"allow":["GET"]}}],"collection":[{"href":"https:\/\/xn--efhaven-fxa.dk\/index.php?rest_route=\/wp\/v2\/pages"}],"about":[{"href":"https:\/\/xn--efhaven-fxa.dk\/index.php?rest_route=\/wp\/v2\/types\/page"}],"author":[{"embeddable":true,"href":"https:\/\/xn--efhaven-fxa.dk\/index.php?rest_route=\/wp\/v2\/users\/1"}],"replies":[{"embeddable":true,"href":"https:\/\/xn--efhaven-fxa.dk\/index.php?rest_route=%2Fwp%2Fv2%2Fcomments&post=186"}],"version-history":[{"count":3,"href":"https:\/\/xn--efhaven-fxa.dk\/index.php?rest_route=\/wp\/v2\/pages\/186\/revisions"}],"predecessor-version":[{"id":498,"href":"https:\/\/xn--efhaven-fxa.dk\/index.php?rest_route=\/wp\/v2\/pages\/186\/revisions\/498"}],"wp:attachment":[{"href":"https:\/\/xn--efhaven-fxa.dk\/index.php?rest_route=%2Fwp%2Fv2%2Fmedia&parent=186"}],"curies":[{"name":"wp","href":"https:\/\/api.w.org\/{rel}","templated":true}]}}