{"id":188,"date":"2024-03-12T19:11:20","date_gmt":"2024-03-12T19:11:20","guid":{"rendered":"https:\/\/ef\u00e5haven.dk\/?page_id=188"},"modified":"2025-01-12T15:48:38","modified_gmt":"2025-01-12T15:48:38","slug":"affald","status":"publish","type":"page","link":"https:\/\/xn--efhaven-fxa.dk\/?page_id=188","title":{"rendered":"Affald"},"content":{"rendered":"\n<h2 class=\"wp-block-heading\">Affaldssortering <\/h2>\n\n\n\n<p>K\u00f8benhavns kommune forventer at vi affaldssorterer, derfor har vi nogle links til hvordan det g\u00f8res. Her kan bioposer ogs\u00e5 bestilles.<\/p>\n\n\n\n<p><span style=\"text-decoration: underline\"><a data-type=\"link\" data-id=\"https:\/\/affald.kk.dk\/\" href=\"https:\/\/affald.kk.dk\/\">K\u00f8benhavns kommune sorteringsguide<\/a><\/span><\/p>\n\n\n\n<h2 class=\"wp-block-heading\">Affald i bagg\u00e5rd <\/h2>\n\n\n\n<p>Vi har affalds containere i vores bagg\u00e5rd, hvor der kan afleveres almindeligt hus affald. Der findes containere til pap, mad, farligt affald, metal, plastic, flasker og almindeligt affald. <\/p>\n\n\n\n<h2 class=\"wp-block-heading\">Storskrald<\/h2>\n\n\n\n<p>1 uge f\u00f8r f\u00e6lles arbejdsdage, bestiller bestyrelsen en storskralds container som st\u00e5r i bagg\u00e5rden hvor man fx. kan smide sofa, seng eller andet i den st\u00f8rrelse ud. <\/p>\n\n\n\n<h2 class=\"wp-block-heading\"><strong>N\u00e6rmeste genbrugsstation<\/strong><\/h2>\n\n\n\n<p>Kulbanevej Genbrugsstation, Retortvej 4, 2500 Valby<\/p>\n\n\n\n<h4 class=\"wp-block-heading\">\u00c5bningstider<\/h4>\n\n\n\n<p>Mandag- fredag 10:00 \u2013 18:00<\/p>\n\n\n\n<p>L\u00f8rdag, s\u00f8ndag og helligdage 10:00 \u2013 17:00<\/p>\n\n\n\n<p>Byttecenteret er \u00e5ben onsdag, fredag, s\u00f8ndag kl. 12-16<\/p>\n\n\n\n<p>Lukket: 24.-26. december, 31. december og 1. januar<\/p>\n","protected":false},"excerpt":{"rendered":"<p>Affaldssortering K\u00f8benhavns kommune forventer at vi affaldssorterer, derfor har vi nogle links til hvordan det g\u00f8res. Her kan bioposer ogs\u00e5 bestilles. K\u00f8benhavns kommune sorteringsguide Affald i bagg\u00e5rd Vi har affalds containere i vores bagg\u00e5rd, hvor der kan afleveres almindeligt hus affald. Der findes containere til pap, mad, farligt affald, metal, plastic, flasker og almindeligt affald. [&hellip;]<\/p>\n","protected":false},"author":1,"featured_media":0,"parent":0,"menu_order":0,"comment_status":"closed","ping_status":"closed","template":"","meta":{"footnotes":""},"class_list":["post-188","page","type-page","status-publish","hentry"],"_links":{"self":[{"href":"https:\/\/xn--efhaven-fxa.dk\/index.php?rest_route=\/wp\/v2\/pages\/188","targetHints":{"allow":["GET"]}}],"collection":[{"href":"https:\/\/xn--efhaven-fxa.dk\/index.php?rest_route=\/wp\/v2\/pages"}],"about":[{"href":"https:\/\/xn--efhaven-fxa.dk\/index.php?rest_route=\/wp\/v2\/types\/page"}],"author":[{"embeddable":true,"href":"https:\/\/xn--efhaven-fxa.dk\/index.php?rest_route=\/wp\/v2\/users\/1"}],"replies":[{"embeddable":true,"href":"https:\/\/xn--efhaven-fxa.dk\/index.php?rest_route=%2Fwp%2Fv2%2Fcomments&post=188"}],"version-history":[{"count":15,"href":"https:\/\/xn--efhaven-fxa.dk\/index.php?rest_route=\/wp\/v2\/pages\/188\/revisions"}],"predecessor-version":[{"id":439,"href":"https:\/\/xn--efhaven-fxa.dk\/index.php?rest_route=\/wp\/v2\/pages\/188\/revisions\/439"}],"wp:attachment":[{"href":"https:\/\/xn--efhaven-fxa.dk\/index.php?rest_route=%2Fwp%2Fv2%2Fmedia&parent=188"}],"curies":[{"name":"wp","href":"https:\/\/api.w.org\/{rel}","templated":true}]}}