{"id":190,"date":"2024-03-12T19:12:26","date_gmt":"2024-03-12T19:12:26","guid":{"rendered":"https:\/\/ef\u00e5haven.dk\/?page_id=190"},"modified":"2025-01-10T12:07:15","modified_gmt":"2025-01-10T12:07:15","slug":"parkering","status":"publish","type":"page","link":"https:\/\/xn--efhaven-fxa.dk\/?page_id=190","title":{"rendered":"Parkering"},"content":{"rendered":"\n<p>Foreningen ligger ud til Vigerslevvej, som tilbyder mulighed for parkering. Det er ikke tilladt at parkere p\u00e5 foreningens arealer (Undtaget 2 elbilsparkeringer).<\/p>\n\n\n\n<p>Det er muligt at lave korte ophold, i bagg\u00e5rden, til flytning af st\u00f8rre genstande eller ved fra\/til-flytning. <\/p>\n\n\n\n<p>Vejen i bagg\u00e5rden, er en brandvej og der skal derfor altid v\u00e6re en person, som har mulighed for at flytte k\u00f8ret\u00f8jet som holder p\u00e5 asfalten.<\/p>\n\n\n\n<div style=\"height:81px\" aria-hidden=\"true\" class=\"wp-block-spacer\"><\/div>\n\n\n\n<p>P\u00e5 foreningens areal, findes der garager (\u00c5haven 55-72), som kan lejes. Dette er ikke noget ejerforeningen st\u00e5r for. <\/p>\n","protected":false},"excerpt":{"rendered":"<p>Foreningen ligger ud til Vigerslevvej, som tilbyder mulighed for parkering. Det er ikke tilladt at parkere p\u00e5 foreningens arealer (Undtaget 2 elbilsparkeringer). Det er muligt at lave korte ophold, i bagg\u00e5rden, til flytning af st\u00f8rre genstande eller ved fra\/til-flytning. Vejen i bagg\u00e5rden, er en brandvej og der skal derfor altid v\u00e6re en person, som har [&hellip;]<\/p>\n","protected":false},"author":1,"featured_media":0,"parent":0,"menu_order":0,"comment_status":"closed","ping_status":"closed","template":"","meta":{"footnotes":""},"class_list":["post-190","page","type-page","status-publish","hentry"],"_links":{"self":[{"href":"https:\/\/xn--efhaven-fxa.dk\/index.php?rest_route=\/wp\/v2\/pages\/190","targetHints":{"allow":["GET"]}}],"collection":[{"href":"https:\/\/xn--efhaven-fxa.dk\/index.php?rest_route=\/wp\/v2\/pages"}],"about":[{"href":"https:\/\/xn--efhaven-fxa.dk\/index.php?rest_route=\/wp\/v2\/types\/page"}],"author":[{"embeddable":true,"href":"https:\/\/xn--efhaven-fxa.dk\/index.php?rest_route=\/wp\/v2\/users\/1"}],"replies":[{"embeddable":true,"href":"https:\/\/xn--efhaven-fxa.dk\/index.php?rest_route=%2Fwp%2Fv2%2Fcomments&post=190"}],"version-history":[{"count":5,"href":"https:\/\/xn--efhaven-fxa.dk\/index.php?rest_route=\/wp\/v2\/pages\/190\/revisions"}],"predecessor-version":[{"id":619,"href":"https:\/\/xn--efhaven-fxa.dk\/index.php?rest_route=\/wp\/v2\/pages\/190\/revisions\/619"}],"wp:attachment":[{"href":"https:\/\/xn--efhaven-fxa.dk\/index.php?rest_route=%2Fwp%2Fv2%2Fmedia&parent=190"}],"curies":[{"name":"wp","href":"https:\/\/api.w.org\/{rel}","templated":true}]}}