{"id":320,"date":"2024-03-17T12:17:22","date_gmt":"2024-03-17T12:17:22","guid":{"rendered":"https:\/\/xn--efhaven-fxa.dk\/?page_id=320"},"modified":"2025-03-10T14:38:20","modified_gmt":"2025-03-10T14:38:20","slug":"renovering","status":"publish","type":"page","link":"https:\/\/xn--efhaven-fxa.dk\/?page_id=320","title":{"rendered":"Renovering"},"content":{"rendered":"\n<p>Ved renovering af lejligheder skal der tages h\u00f8jde for flere punkter<\/p>\n\n\n\n<p>Det er vigtigt at t\u00e6nke p\u00e5 naboer som bor omkring. Ofte i forbindelse med renovering foreg\u00e5r ogs\u00e5 larm. Se gerne <strong><a href=\"https:\/\/xn--efhaven-fxa.dk\/wp-content\/uploads\/2024\/06\/EF-Aahaven-Husorden-26-02-2024.pdf\" data-type=\"attachment\" data-id=\"494\">Husordenen<\/a> <\/strong>og <a href=\"https:\/\/xn--efhaven-fxa.dk\/wp-content\/uploads\/2024\/02\/Stoejtider_2024-scaled.jpg\" data-type=\"attachment\" data-id=\"107\"><strong>St\u00f8jtider<\/strong><\/a><\/p>\n\n\n\n<p>Foreningen har nogle simple og enkle bestemmeler ift. renoveringer af lejligheder. <br>Husk at l\u00e6s dem igennem inden du s\u00e6tter dit arbejde i gang.<\/p>\n\n\n\n<p>S\u00f8ger du en ny etaged\u00f8r til din lejlighed? Herunder p\u00e5 disse 3 links er farver, standarder og information til at udskifte din eksisterende lejlighedsd\u00f8r med en ny.<\/p>\n\n\n\n<ul class=\"wp-block-list\">\n<li><a href=\"https:\/\/xn--efhaven-fxa.dk\/wp-content\/uploads\/2025\/03\/08-01-2024-153-Opgangsdoere-Standard.pdf\" data-type=\"attachment\" data-id=\"659\"><strong>Type d\u00f8r<\/strong><\/a><\/li>\n\n\n\n<li><a href=\"https:\/\/xn--efhaven-fxa.dk\/wp-content\/uploads\/2025\/03\/08-01-2024-153-Farvekode-opgangsdoere-til-lejligheder.png\" data-type=\"attachment\" data-id=\"658\"><strong>Farvekode opgangsd\u00f8re<\/strong><\/a><\/li>\n\n\n\n<li><a href=\"https:\/\/xn--efhaven-fxa.dk\/wp-content\/uploads\/2025\/03\/08-01-2024-153-Graa-standard-farve-scaled.jpg\" data-type=\"attachment\" data-id=\"660\"><strong>Farvekode gr\u00e5 <\/strong><\/a><\/li>\n<\/ul>\n\n\n\n<p>God forn\u00f8jelse!<\/p>\n\n\n\n<p><strong><a href=\"https:\/\/xn--efhaven-fxa.dk\/wp-content\/uploads\/2024\/03\/Bestemmelser-for-arbejder-i-ejendommen.pdf\" data-type=\"attachment\" data-id=\"316\">Bestemmelser for arbejder i ejendommen<\/a><\/strong><\/p>\n","protected":false},"excerpt":{"rendered":"<p>Ved renovering af lejligheder skal der tages h\u00f8jde for flere punkter Det er vigtigt at t\u00e6nke p\u00e5 naboer som bor omkring. Ofte i forbindelse med renovering foreg\u00e5r ogs\u00e5 larm. Se gerne Husordenen og St\u00f8jtider Foreningen har nogle simple og enkle bestemmeler ift. renoveringer af lejligheder. Husk at l\u00e6s dem igennem inden du s\u00e6tter dit arbejde [&hellip;]<\/p>\n","protected":false},"author":1,"featured_media":0,"parent":0,"menu_order":0,"comment_status":"closed","ping_status":"closed","template":"","meta":{"footnotes":""},"class_list":["post-320","page","type-page","status-publish","hentry"],"_links":{"self":[{"href":"https:\/\/xn--efhaven-fxa.dk\/index.php?rest_route=\/wp\/v2\/pages\/320","targetHints":{"allow":["GET"]}}],"collection":[{"href":"https:\/\/xn--efhaven-fxa.dk\/index.php?rest_route=\/wp\/v2\/pages"}],"about":[{"href":"https:\/\/xn--efhaven-fxa.dk\/index.php?rest_route=\/wp\/v2\/types\/page"}],"author":[{"embeddable":true,"href":"https:\/\/xn--efhaven-fxa.dk\/index.php?rest_route=\/wp\/v2\/users\/1"}],"replies":[{"embeddable":true,"href":"https:\/\/xn--efhaven-fxa.dk\/index.php?rest_route=%2Fwp%2Fv2%2Fcomments&post=320"}],"version-history":[{"count":12,"href":"https:\/\/xn--efhaven-fxa.dk\/index.php?rest_route=\/wp\/v2\/pages\/320\/revisions"}],"predecessor-version":[{"id":696,"href":"https:\/\/xn--efhaven-fxa.dk\/index.php?rest_route=\/wp\/v2\/pages\/320\/revisions\/696"}],"wp:attachment":[{"href":"https:\/\/xn--efhaven-fxa.dk\/index.php?rest_route=%2Fwp%2Fv2%2Fmedia&parent=320"}],"curies":[{"name":"wp","href":"https:\/\/api.w.org\/{rel}","templated":true}]}}