{"id":471,"date":"2024-06-24T17:56:25","date_gmt":"2024-06-24T17:56:25","guid":{"rendered":"https:\/\/xn--efhaven-fxa.dk\/?page_id=471"},"modified":"2025-04-29T09:47:39","modified_gmt":"2025-04-29T09:47:39","slug":"ny-i-ejendommen","status":"publish","type":"page","link":"https:\/\/xn--efhaven-fxa.dk\/?page_id=471","title":{"rendered":"Ny i ejendommen"},"content":{"rendered":"\n<h2 class=\"wp-block-heading\"><\/h2>\n\n\n\n<h2 class=\"wp-block-heading\">Kontakt til bestyrelsen&nbsp;<\/h2>\n\n\n\n<p><strong><a href=\"mailto:efaahaven@gmail.com\">efaahaven@gmail.com<\/a><\/strong> eller ved at l\u00e6gge en seddel i <strong>postkassen <\/strong>udenfor vaskerummet, vedr.:\u00a0<\/p>\n\n\n\n<ul class=\"wp-block-list\">\n<li>Udlevering af vaskebrik.<\/li>\n\n\n\n<li>\u00d8nske om l\u00e5n af f\u00e6lleslokale eller have pavilloner til private arrangementer.<\/li>\n\n\n\n<li>Fejl og mangler ved bygningen og faciliteter.&nbsp;<\/li>\n<\/ul>\n\n\n\n<p>Bestyrelsen bestr\u00e6ber sig p\u00e5 at svare p\u00e5 henvendelser inden for 14 dage.&nbsp;<\/p>\n\n\n\n<h2 class=\"wp-block-heading\">Kontakt til ejerforeningens administrationshus, Cobblestone&nbsp;<\/h2>\n\n\n\n<p><a href=\"mailto:kontakt@cobblestone.dk\"><strong>kontakt@cobblestone.dk<\/strong><\/a> eller vores administrator Erik, <strong><a href=\"mailto:etc@cobblestone.dk\">etc@cobblestone.dk<\/a><\/strong> vedr.:<\/p>\n\n\n\n<ul class=\"wp-block-list\">\n<li>Adgang til Cobblestone Cloud, digital beboer-platform til officielle dokumenter og meddelelser.&nbsp;<\/li>\n\n\n\n<li>Sp\u00f8rgsm\u00e5l vedr. ejerforhold.<\/li>\n\n\n\n<li>Opkr\u00e6vning af f\u00e6llesudgifter og vaskeri-forbrug.&nbsp;<\/li>\n\n\n\n<li>Kontakt til eksterne partnere.&nbsp;<\/li>\n\n\n\n<li>Sp\u00f8rgsm\u00e5l vedr. forsikringssager.<\/li>\n<\/ul>\n\n\n\n<p>Eller pr. tlf. <a href=\"tel:70222215\" data-type=\"tel\" data-id=\"tel:70222215\"><strong>70 22 22 15<\/strong><\/a> (mandag-torsdag kl. 09:00-15:00, fredag kl. 09:00-14:00), vedr.:<\/p>\n\n\n\n<ul class=\"wp-block-list\">\n<li>Akutte problemer.<\/li>\n\n\n\n<li>Vandskade.<\/li>\n\n\n\n<li>Str\u00f8mafbrydelse.<\/li>\n\n\n\n<li>Manglende varme.<\/li>\n<\/ul>\n\n\n\n<p>Udenfor telefon\u00e5bningstider kan du ringe til det samme nummer og trykke &#8220;1&#8221; for at blive omdirigeret til vagttelefon, som h\u00e5ndterer akutte henvendelser.<\/p>\n\n\n\n<p>Ved brand eller andre livsfarlige situationer kontaktes Alarmcentralen p\u00e5 tlf. <strong>112.&nbsp;<\/strong><\/p>\n\n\n\n<h2 class=\"wp-block-heading\">Facebook-gruppe&nbsp;<\/h2>\n\n\n\n<p>Brug Facebook-gruppen <strong><a href=\"https:\/\/www.facebook.com\/groups\/579615862199722\" data-type=\"link\" data-id=\"https:\/\/www.facebook.com\/groups\/579615862199722\">E\/F Vigerslevvej\/\u00c5haven<\/a><\/strong> til uformel kommunikation mellem ejendommens beboere.&nbsp;<\/p>\n\n\n\n<h2 class=\"wp-block-heading\">Ordin\u00e6r Generalforsamling<\/h2>\n\n\n\n<p>Foreningens ordin\u00e6re generalforsamling, afholdes mandag i uge 11, med mindre andet meddeles. Generalforsamlingen er foreningens h\u00f8jeste mandat, og alle ejere har mulighed for at opstille forslag til \u00e6ndringer og nye tiltag i foreningen, i overensstemmelse med g\u00e6ldende vedt\u00e6gter.&nbsp;<\/p>\n\n\n\n<hr class=\"wp-block-separator has-alpha-channel-opacity\"\/>\n\n\n\n<h2 class=\"wp-block-heading\">Communication in the Homeowners Association Vigerslevvej-\u00c5haven<\/h2>\n\n\n\n<h2 class=\"wp-block-heading\">Contacting the Board&nbsp;<\/h2>\n\n\n\n<p><strong><a href=\"mailto:aahaven-vvej@bestyrelsesmail.dk\">aahaven-vvej@bestyrelsesmail.dk<\/a><\/strong> or leave a note in the <strong>mailbox <\/strong>by the common room regarding:<\/p>\n\n\n\n<ul class=\"wp-block-list\">\n<li>Request to change the name on the door phone and mailbox.<\/li>\n\n\n\n<li>Request to borrow the common room.<\/li>\n\n\n\n<li>Building and facility issues and defects.<\/li>\n<\/ul>\n\n\n\n<p>The board strives to respond to inquiries within 14 days.<\/p>\n\n\n\n<h2 class=\"wp-block-heading\">Contacting the Homeowners Association Administration, Cobblestone&nbsp;<\/h2>\n\n\n\n<p><strong><a href=\"mailto:kontakt@cobblestone.dk\">kontakt@cobblestone.dk<\/a><\/strong> or our administrator Erik, <strong><a href=\"mailto:etc@cobblestone.dk\">etc@cobblestone.dk<\/a><\/strong> regarding:<\/p>\n\n\n\n<ul class=\"wp-block-list\">\n<li>Access to Cobblestone Cloud, the digital resident platform for official documents and notices.<\/li>\n\n\n\n<li>Questions about ownership.<\/li>\n\n\n\n<li>Billing of common expenses and laundry usage.<\/li>\n\n\n\n<li>Contact with external partners.<\/li>\n<\/ul>\n\n\n\n<p>Or by phone: <a href=\"tel:70222215\" data-type=\"tel\" data-id=\"tel:70222215\"><strong>70 22 22 15<\/strong><\/a> (Monday-Thursday 09:00-15:00, Friday 09:00-14:00) regarding:<\/p>\n\n\n\n<ul class=\"wp-block-list\">\n<li>Urgent problems.<\/li>\n\n\n\n<li>Water damage.<\/li>\n\n\n\n<li>Power outages.<\/li>\n\n\n\n<li>Lack of heating.<\/li>\n<\/ul>\n\n\n\n<p>Outside of phone hours, you can call the same number and press &#8220;1&#8221; to be redirected to the emergency hotline, which handles urgent inquiries.<\/p>\n\n\n\n<p>In case of fire or other life-threatening situations, contact the Emergency Services at 112.<\/p>\n\n\n\n<h2 class=\"wp-block-heading\">Facebook Group&nbsp;<\/h2>\n\n\n\n<p>Use the Facebook group <strong><a href=\"https:\/\/www.facebook.com\/groups\/579615862199722\" data-type=\"link\" data-id=\"https:\/\/www.facebook.com\/groups\/579615862199722\">E\/F Vigerslevvej\/\u00c5haven<\/a><\/strong> for informal communication between the building&#8217;s residents.<\/p>\n\n\n\n<h2 class=\"wp-block-heading\">Annual General Meeting&nbsp;<\/h2>\n\n\n\n<p>The association&#8217;s annual general meeting is held on Monday in week 11, unless otherwise notified. The general meeting is the association&#8217;s highest authority, and all owners have the opportunity to propose changes and new initiatives in the association, in accordance with the applicable statutes.<\/p>\n","protected":false},"excerpt":{"rendered":"<p>Kontakt til bestyrelsen&nbsp; efaahaven@gmail.com eller ved at l\u00e6gge en seddel i postkassen udenfor vaskerummet, vedr.:\u00a0 Bestyrelsen bestr\u00e6ber sig p\u00e5 at svare p\u00e5 henvendelser inden for 14 dage.&nbsp; Kontakt til ejerforeningens administrationshus, Cobblestone&nbsp; kontakt@cobblestone.dk eller vores administrator Erik, etc@cobblestone.dk vedr.: Eller pr. tlf. 70 22 22 15 (mandag-torsdag kl. 09:00-15:00, fredag kl. 09:00-14:00), vedr.: Udenfor telefon\u00e5bningstider [&hellip;]<\/p>\n","protected":false},"author":1,"featured_media":0,"parent":0,"menu_order":0,"comment_status":"closed","ping_status":"closed","template":"","meta":{"footnotes":""},"class_list":["post-471","page","type-page","status-publish","hentry"],"_links":{"self":[{"href":"https:\/\/xn--efhaven-fxa.dk\/index.php?rest_route=\/wp\/v2\/pages\/471","targetHints":{"allow":["GET"]}}],"collection":[{"href":"https:\/\/xn--efhaven-fxa.dk\/index.php?rest_route=\/wp\/v2\/pages"}],"about":[{"href":"https:\/\/xn--efhaven-fxa.dk\/index.php?rest_route=\/wp\/v2\/types\/page"}],"author":[{"embeddable":true,"href":"https:\/\/xn--efhaven-fxa.dk\/index.php?rest_route=\/wp\/v2\/users\/1"}],"replies":[{"embeddable":true,"href":"https:\/\/xn--efhaven-fxa.dk\/index.php?rest_route=%2Fwp%2Fv2%2Fcomments&post=471"}],"version-history":[{"count":20,"href":"https:\/\/xn--efhaven-fxa.dk\/index.php?rest_route=\/wp\/v2\/pages\/471\/revisions"}],"predecessor-version":[{"id":743,"href":"https:\/\/xn--efhaven-fxa.dk\/index.php?rest_route=\/wp\/v2\/pages\/471\/revisions\/743"}],"wp:attachment":[{"href":"https:\/\/xn--efhaven-fxa.dk\/index.php?rest_route=%2Fwp%2Fv2%2Fmedia&parent=471"}],"curies":[{"name":"wp","href":"https:\/\/api.w.org\/{rel}","templated":true}]}}