{"id":557,"date":"2024-12-05T07:30:02","date_gmt":"2024-12-05T07:30:02","guid":{"rendered":"https:\/\/xn--efhaven-fxa.dk\/?page_id=557"},"modified":"2025-03-10T14:41:09","modified_gmt":"2025-03-10T14:41:09","slug":"doertelefon","status":"publish","type":"page","link":"https:\/\/xn--efhaven-fxa.dk\/?page_id=557","title":{"rendered":"D\u00f8rtelefon"},"content":{"rendered":"\n<p><strong>Vigtig information vedr\u00f8rende d\u00f8rtelefoner<\/strong><\/p>\n\n\n\n<p>For at sikre en hurtig og effektiv l\u00f8sning p\u00e5 eventuelle problemer med d\u00f8rtelefonen, bedes I f\u00f8lge nedenst\u00e5ende procedure.<\/p>\n\n\n\n<p><strong>Procedure ved problemer med d\u00f8rtelefonen:<\/strong><\/p>\n\n\n\n<ol start=\"1\" class=\"wp-block-list\">\n<li><strong>Lejere:<\/strong> Kontakt venligst ejeren af din lejlighed og inform\u00e9r om problemet med d\u00f8rtelefonen.<\/li>\n\n\n\n<li><strong>Ejere:<\/strong> Send en skriftlig henvendelse til bestyrelsen med en beskrivelse af problemet. Henvendelsen skal sendes til: <strong>efaahaven@gmail.com<\/strong><\/li>\n\n\n\n<li><strong>Bestyrelsen:<\/strong> Vi vil rekvirere en elektriker, som vil fejls\u00f8ge og identificere \u00e5rsagen til problemet.<\/li>\n<\/ol>\n\n\n\n<p><strong>Ansvarsfordeling:<\/strong><\/p>\n\n\n\n<ul class=\"wp-block-list\">\n<li><strong>Fejl ved hovedindgangen:<\/strong> Hvis problemet ligger i det f\u00e6lles system ved indgangen, der forhindrer signaler i at n\u00e5 lejlighederne, vil bestyrelsen s\u00f8rge for reparationen og d\u00e6kke alle omkostninger.<\/li>\n\n\n\n<li><strong>Fejl i lejlighedens d\u00f8rtelefon:<\/strong> Hvis fejlen findes i selve d\u00f8rtelefonen inde i lejligheden, er det ejerens ansvar at betale for reparationen samt omkostningerne ved teknikeren.<\/li>\n<\/ul>\n\n\n\n<p>Bestyrelsen v\u00e6rds\u00e6tter forst\u00e5elsen og samarbejdet i denne proces. Ved at f\u00f8lge denne procedure sikrer vi en hurtig og effektiv l\u00f8sning p\u00e5 eventuelle problemer.<\/p>\n\n\n\n<p><strong><a href=\"https:\/\/xn--efhaven-fxa.dk\/wp-content\/uploads\/2024\/12\/Vigtig-information-vedroerende-doertelefon-EF-Aahaven-Vigerslevvej.pdf\" data-type=\"attachment\" data-id=\"562\">Link til PDF<\/a><\/strong><\/p>\n\n\n\n<p><\/p>\n","protected":false},"excerpt":{"rendered":"<p>Vigtig information vedr\u00f8rende d\u00f8rtelefoner For at sikre en hurtig og effektiv l\u00f8sning p\u00e5 eventuelle problemer med d\u00f8rtelefonen, bedes I f\u00f8lge nedenst\u00e5ende procedure. Procedure ved problemer med d\u00f8rtelefonen: Ansvarsfordeling: Bestyrelsen v\u00e6rds\u00e6tter forst\u00e5elsen og samarbejdet i denne proces. Ved at f\u00f8lge denne procedure sikrer vi en hurtig og effektiv l\u00f8sning p\u00e5 eventuelle problemer. Link til PDF<\/p>\n","protected":false},"author":1,"featured_media":0,"parent":0,"menu_order":0,"comment_status":"closed","ping_status":"closed","template":"","meta":{"footnotes":""},"class_list":["post-557","page","type-page","status-publish","hentry"],"_links":{"self":[{"href":"https:\/\/xn--efhaven-fxa.dk\/index.php?rest_route=\/wp\/v2\/pages\/557","targetHints":{"allow":["GET"]}}],"collection":[{"href":"https:\/\/xn--efhaven-fxa.dk\/index.php?rest_route=\/wp\/v2\/pages"}],"about":[{"href":"https:\/\/xn--efhaven-fxa.dk\/index.php?rest_route=\/wp\/v2\/types\/page"}],"author":[{"embeddable":true,"href":"https:\/\/xn--efhaven-fxa.dk\/index.php?rest_route=\/wp\/v2\/users\/1"}],"replies":[{"embeddable":true,"href":"https:\/\/xn--efhaven-fxa.dk\/index.php?rest_route=%2Fwp%2Fv2%2Fcomments&post=557"}],"version-history":[{"count":6,"href":"https:\/\/xn--efhaven-fxa.dk\/index.php?rest_route=\/wp\/v2\/pages\/557\/revisions"}],"predecessor-version":[{"id":698,"href":"https:\/\/xn--efhaven-fxa.dk\/index.php?rest_route=\/wp\/v2\/pages\/557\/revisions\/698"}],"wp:attachment":[{"href":"https:\/\/xn--efhaven-fxa.dk\/index.php?rest_route=%2Fwp%2Fv2%2Fmedia&parent=557"}],"curies":[{"name":"wp","href":"https:\/\/api.w.org\/{rel}","templated":true}]}}